{"id":8,"date":"2025-05-30T16:09:05","date_gmt":"2025-05-30T19:09:05","guid":{"rendered":"https:\/\/gomobie.com.br\/?page_id=8"},"modified":"2025-06-05T12:47:02","modified_gmt":"2025-06-05T15:47:02","slug":"mobradio-servicos","status":"publish","type":"page","link":"http:\/\/gomobie.com.br\/index.php\/mobradio-servicos\/","title":{"rendered":"MobRadio Servi\u00e7os"},"content":{"rendered":"\n<p class=\"has-base-color has-contrast-background-color has-text-color has-background has-link-color has-x-large-font-size wp-elements-c338bc10c44a36120883e698be78526a\"><strong>Bot\u00e3o login\/logout<\/strong><\/p>\n\n\n<div id=\"mobradio-login-widget\"><\/div>\n\n\n\n<p class=\"has-base-color has-contrast-background-color has-text-color has-background has-link-color has-x-large-font-size wp-elements-222825e4b8d60adb3e08ebea4839e01a\"><strong>Pedido musical<\/strong><\/p>\n\n\n\n<div class=\"mobradio-music-request\">\n    <p class=\"mobradio-music-request-search-label\">Fa\u00e7a seu pedido musical aqui:<\/p>\n    <div class=\"mobradio-music-request-search\">\n        <div class=\"mobradio-music-request-search-input-container\">\n            <input type=\"text\" class=\"mobradio-music-request-input\" placeholder=\"Digite o nome da m\u00fasica ou artista\">\n            <button class=\"mobradio-music-request-search-button\">\n                <i class=\"fas fa-search\"><\/i>\n                Buscar            <\/button>\n        <\/div>\n    <\/div>\n\n    <div class=\"mobradio-music-request-loading\" style=\"display: none;\">\n        <i class=\"fa fa-spinner fa-spin\"><\/i> Carregando...    <\/div>\n\n    <div class=\"mobradio-music-request-results\" style=\"display: none;\">\n        <div class=\"mobradio-music-request-list\"><\/div>\n    <\/div>\n\n    <div class=\"mobradio-music-request-message\" style=\"display: none;\"><\/div>\n\n<\/div>\n\n<div class=\"mobradio-music-request-modal\" style=\"display: none;\">\n    <div class=\"mobradio-music-request-modal-content\">\n        <div class=\"mobradio-music-request-modal-header\">\n            <button class=\"mobradio-music-request-modal-close\">&times;<\/button>\n        <\/div>\n        <h2 class=\"mobradio-music-request-modal-title\">Fa\u00e7a seu pedido musical<\/h2>\n        \n        <div class=\"mobradio-music-request-modal-body\">\n            <div class=\"mobradio-music-request-selected\">\n                <div class=\"mobradio-music-request-selected-image\">\n                    <img decoding=\"async\" src=\"\" alt=\"\">\n                <\/div>\n                <div class=\"mobradio-music-request-selected-info\">\n                    <p class=\"mobradio-music-request-selected-title\"><\/p>\n                    <p class=\"mobradio-music-request-selected-artist\"><\/p>\n                    <p class=\"mobradio-music-request-selected-album\"><\/p>\n                <\/div>\n            <\/div>\n        <\/div>\n\n        <div class=\"mobradio-music-request-modal-footer\">\n            <div class=\"mobradio-music-request-modal-message\" style=\"display: none;\"><\/div>\n            <div class=\"mobradio-music-request-modal-loading\" style=\"display: none;\">\n                Carregando...            <\/div>\n            <button class=\"mobradio-music-request-submit\">\n                Enviar Pedido            <\/button>\n        <\/div>\n    <\/div>\n<\/div> \n\n\n\n<p class=\"has-base-color has-contrast-background-color has-text-color has-background has-link-color has-x-large-font-size wp-elements-95e760f6d0e85a4e30a780f77ee698b9\"><strong>Premio da hora<\/strong><\/p>\n\n\n\n<div class=\"hourly-promotion-single\"><\/div> \n\n\n\n<p class=\"has-base-color has-contrast-background-color has-text-color has-background has-link-color has-x-large-font-size wp-elements-da6b947020c7ac31ec8fe14d08f94550\"><strong>Promo\u00e7\u00f5es<\/strong><\/p>\n\n\n\n<div class=\"promotion-grid\"><\/div>\n\n<div id=\"promotion-modal\" class=\"promotion-modal\">\n    <div class=\"promotion-modal-content\">\n        <span class=\"promotion-modal-close\">&times;<\/span>\n        <div id=\"promotion-modal-body\"><\/div>\n    <\/div>\n<\/div>\n\n\n\n\n<p class=\"has-base-color has-contrast-background-color has-text-color has-background has-link-color has-x-large-font-size wp-elements-ffaa6e508e23942d2c882ab1bf4244e0\"><strong>Widgets de m\u00fasica<\/strong>.<\/p>\n\n\n\n<div class=\"wp-block-columns is-layout-flex wp-container-core-columns-is-layout-28f84493 wp-block-columns-is-layout-flex\">\n<div class=\"wp-block-column is-layout-flow wp-block-column-is-layout-flow\"><div class=\"top-most-requested-list\"><\/div>\n<\/div>\n\n\n\n<div class=\"wp-block-column is-layout-flow wp-block-column-is-layout-flow\"><p>[mobradio_top_most_liked_music]<\/p>\n<\/div>\n\n\n\n<div class=\"wp-block-column is-layout-flow wp-block-column-is-layout-flow\"><div class=\"top-most-played-list\"><\/div>\n<\/div>\n<\/div>\n\n\n\n<p><\/p>\n","protected":false},"excerpt":{"rendered":"<p>Bot\u00e3o login\/logout Pedido musical Premio da hora Promo\u00e7\u00f5es Widgets de m\u00fasica.<\/p>\n","protected":false},"author":1,"featured_media":0,"parent":0,"menu_order":0,"comment_status":"closed","ping_status":"closed","template":"","meta":{"footnotes":""},"class_list":["post-8","page","type-page","status-publish","hentry"],"_links":{"self":[{"href":"http:\/\/gomobie.com.br\/index.php\/wp-json\/wp\/v2\/pages\/8","targetHints":{"allow":["GET"]}}],"collection":[{"href":"http:\/\/gomobie.com.br\/index.php\/wp-json\/wp\/v2\/pages"}],"about":[{"href":"http:\/\/gomobie.com.br\/index.php\/wp-json\/wp\/v2\/types\/page"}],"author":[{"embeddable":true,"href":"http:\/\/gomobie.com.br\/index.php\/wp-json\/wp\/v2\/users\/1"}],"replies":[{"embeddable":true,"href":"http:\/\/gomobie.com.br\/index.php\/wp-json\/wp\/v2\/comments?post=8"}],"version-history":[{"count":6,"href":"http:\/\/gomobie.com.br\/index.php\/wp-json\/wp\/v2\/pages\/8\/revisions"}],"predecessor-version":[{"id":58,"href":"http:\/\/gomobie.com.br\/index.php\/wp-json\/wp\/v2\/pages\/8\/revisions\/58"}],"wp:attachment":[{"href":"http:\/\/gomobie.com.br\/index.php\/wp-json\/wp\/v2\/media?parent=8"}],"curies":[{"name":"wp","href":"https:\/\/api.w.org\/{rel}","templated":true}]}}